{"id":49221,"date":"2025-11-11T00:21:49","date_gmt":"2025-11-11T00:21:49","guid":{"rendered":"https:\/\/www.olivoestates.com\/vietoves\/"},"modified":"2026-01-09T01:01:18","modified_gmt":"2026-01-09T01:01:18","slug":"vietoves","status":"publish","type":"page","link":"https:\/\/www.olivoestates.com\/lt\/vietoves\/","title":{"rendered":"Vietov\u0117s"},"content":{"rendered":"\t\t<div data-elementor-type=\"wp-page\" data-elementor-id=\"49221\" class=\"elementor elementor-49221 elementor-18108\">\n\t\t\t\t\t\t<section class=\"elementor-section elementor-top-section elementor-element elementor-element-7acf4158 elementor-section-boxed elementor-section-height-default elementor-section-height-default\" data-id=\"7acf4158\" data-element_type=\"section\" data-settings=\"{&quot;background_background&quot;:&quot;classic&quot;}\">\n\t\t\t\t\t\t<div class=\"elementor-container elementor-column-gap-default\">\n\t\t\t\t\t<div class=\"elementor-column elementor-col-100 elementor-top-column elementor-element elementor-element-d7c6c5d\" data-id=\"d7c6c5d\" data-element_type=\"column\">\n\t\t\t<div class=\"elementor-widget-wrap elementor-element-populated\">\n\t\t\t\t\t\t<div class=\"elementor-element elementor-element-65e34fe6 elementor-widget elementor-widget-spacer\" data-id=\"65e34fe6\" data-element_type=\"widget\" data-widget_type=\"spacer.default\">\n\t\t\t\t\t\t\t<div class=\"elementor-spacer\">\n\t\t\t<div class=\"elementor-spacer-inner\"><\/div>\n\t\t<\/div>\n\t\t\t\t\t\t<\/div>\n\t\t\t\t<section class=\"elementor-section elementor-inner-section elementor-element elementor-element-6d71f253 elementor-section-boxed elementor-section-height-default elementor-section-height-default\" data-id=\"6d71f253\" data-element_type=\"section\">\n\t\t\t\t\t\t<div class=\"elementor-container elementor-column-gap-default\">\n\t\t\t\t\t<div class=\"elementor-column elementor-col-100 elementor-inner-column elementor-element elementor-element-4e135f78\" data-id=\"4e135f78\" data-element_type=\"column\">\n\t\t\t<div class=\"elementor-widget-wrap elementor-element-populated\">\n\t\t\t\t\t\t<div class=\"elementor-element elementor-element-4e2e6796 animated-slow elementor-invisible elementor-widget elementor-widget-houzez_elementor_section_title\" data-id=\"4e2e6796\" data-element_type=\"widget\" data-settings=\"{&quot;_animation&quot;:&quot;fadeIn&quot;}\" data-widget_type=\"houzez_elementor_section_title.default\">\n\t\t\t\t<div class=\"elementor-widget-container\">\n\t\t\t\t\t            <div class=\"houzez_section_title_wrap section-title-module\">\n                                    <h2 class=\"houzez_section_title\">Pa\u017einkite Costa del Sol vietoves<\/h2>\n                \n                                    <p class=\"houzez_section_subtitle\">Atraskite paklausiausias Costa del Sol vietas \u2013 nuo gyvybingos Marbella iki ramios Sotogrande. Raskite b\u016bst\u0105 vietov\u0117je, kuri geriausiai atitinka j\u016bs\u0173 gyvenimo b\u016bd\u0105.<\/p>\n                            <\/div>\n            \t\t\t\t<\/div>\n\t\t\t\t<\/div>\n\t\t\t\t<div class=\"elementor-element elementor-element-5788557a animated-slow elementor-invisible elementor-widget elementor-widget-houzez_elementor_grids\" data-id=\"5788557a\" data-element_type=\"widget\" data-settings=\"{&quot;_animation&quot;:&quot;fadeIn&quot;}\" data-widget_type=\"houzez_elementor_grids.default\">\n\t\t\t\t<div class=\"elementor-widget-container\">\n\t\t\t\t\t\t\t<div class=\"taxonomy-grids-module taxonomy-grids-module-v3\">\r\n    \t\t<div class=\"taxonomy-grids-module-grid\">\r\n\t\t\t\t\t\t\t\t\t\t<div class=\"taxonomy-item-square\">\r\n\t\t\t\t\t\t\t<div class=\"taxonomy-item-wrap h-100\">\t\r\n\t\t\t\t\t\t\t\t<div class=\"taxonomy-item houzez-lazy-bg houzez-lazyload\" style=\"background-image: url();\">\r\n\t\t\t\t\t\t\t\t\t<a class=\"taxonomy-link hover-effect-flat\" href=\"https:\/\/www.olivoestates.com\/lt\/city\/benahavis\/\">\r\n\t\t\t\t\t\t\t\t\t\t<div class=\"taxonomy-text-wrap d-flex flex-column justify-content-end align-items-start h-100 w-100\">\r\n\t\t\t\t\t\t\t\t\t\t\t<div class=\"taxonomy-title\">Benahav\u00eds<\/div>\r\n\t\t\t\t\t\t\t\t\t\t\t\t\t\t\t\t\t\t\t\t\t\t\t<div class=\"taxonomy-subtitle\">\r\n\t\t\t\t\t\t\t\t\t\t\t\t\t8\t\t\t\t\t\t\t\t\t\t\t\t\tProperties\t\t\t\t\t\t\t\t\t\t\t\t<\/div>\r\n\t\t\t\t\t\t\t\t\t\t\t\t\t\t\t\t\t\t\t\t\t<\/div><!-- taxonomy-text-wrap -->\r\n\t\t\t\t\t\t\t\t\t<\/a>\r\n\t\t\t\t\t\t\t\t<\/div>\r\n\t\t\t\t\t\t\t<\/div>\r\n\t\t\t\t\t\t<\/div>\r\n\t\t\t\t\t\t\t\t\t\t\t\t<div class=\"taxonomy-item-square\">\r\n\t\t\t\t\t\t\t<div class=\"taxonomy-item-wrap h-100\">\t\r\n\t\t\t\t\t\t\t\t<div class=\"taxonomy-item houzez-lazy-bg houzez-lazyload\" style=\"background-image: url(https:\/\/www.olivoestates.com\/wp-content\/uploads\/2025\/11\/LOC_003316_shutterstock_416676232WebOriginalCompressed-e1762883695865.avif);\">\r\n\t\t\t\t\t\t\t\t\t<a class=\"taxonomy-link hover-effect-flat\" href=\"https:\/\/www.olivoestates.com\/lt\/city\/benahavis\/\">\r\n\t\t\t\t\t\t\t\t\t\t<div class=\"taxonomy-text-wrap d-flex flex-column justify-content-end align-items-start h-100 w-100\">\r\n\t\t\t\t\t\t\t\t\t\t\t<div class=\"taxonomy-title\">Benahav\u00eds<\/div>\r\n\t\t\t\t\t\t\t\t\t\t\t\t\t\t\t\t\t\t\t\t\t\t\t<div class=\"taxonomy-subtitle\">\r\n\t\t\t\t\t\t\t\t\t\t\t\t\t189\t\t\t\t\t\t\t\t\t\t\t\t\tProperties\t\t\t\t\t\t\t\t\t\t\t\t<\/div>\r\n\t\t\t\t\t\t\t\t\t\t\t\t\t\t\t\t\t\t\t\t\t<\/div><!-- taxonomy-text-wrap -->\r\n\t\t\t\t\t\t\t\t\t<\/a>\r\n\t\t\t\t\t\t\t\t<\/div>\r\n\t\t\t\t\t\t\t<\/div>\r\n\t\t\t\t\t\t<\/div>\r\n\t\t\t\t\t\t\t\t\t\t\t\t<div class=\"taxonomy-item-square\">\r\n\t\t\t\t\t\t\t<div class=\"taxonomy-item-wrap h-100\">\t\r\n\t\t\t\t\t\t\t\t<div class=\"taxonomy-item houzez-lazy-bg houzez-lazyload\" style=\"background-image: url(https:\/\/www.olivoestates.com\/wp-content\/uploads\/2025\/11\/benalmadena-scaled.jpg);\">\r\n\t\t\t\t\t\t\t\t\t<a class=\"taxonomy-link hover-effect-flat\" href=\"https:\/\/www.olivoestates.com\/lt\/city\/benalmadena\/\">\r\n\t\t\t\t\t\t\t\t\t\t<div class=\"taxonomy-text-wrap d-flex flex-column justify-content-end align-items-start h-100 w-100\">\r\n\t\t\t\t\t\t\t\t\t\t\t<div class=\"taxonomy-title\">Benalmadena<\/div>\r\n\t\t\t\t\t\t\t\t\t\t\t\t\t\t\t\t\t\t\t\t\t\t\t<div class=\"taxonomy-subtitle\">\r\n\t\t\t\t\t\t\t\t\t\t\t\t\t186\t\t\t\t\t\t\t\t\t\t\t\t\tProperties\t\t\t\t\t\t\t\t\t\t\t\t<\/div>\r\n\t\t\t\t\t\t\t\t\t\t\t\t\t\t\t\t\t\t\t\t\t<\/div><!-- taxonomy-text-wrap -->\r\n\t\t\t\t\t\t\t\t\t<\/a>\r\n\t\t\t\t\t\t\t\t<\/div>\r\n\t\t\t\t\t\t\t<\/div>\r\n\t\t\t\t\t\t<\/div>\r\n\t\t\t\t\t\t\t\t\t\t\t\t<div class=\"taxonomy-item-square\">\r\n\t\t\t\t\t\t\t<div class=\"taxonomy-item-wrap h-100\">\t\r\n\t\t\t\t\t\t\t\t<div class=\"taxonomy-item houzez-lazy-bg houzez-lazyload\" style=\"background-image: url();\">\r\n\t\t\t\t\t\t\t\t\t<a class=\"taxonomy-link hover-effect-flat\" href=\"https:\/\/www.olivoestates.com\/lt\/city\/benalmadena\/\">\r\n\t\t\t\t\t\t\t\t\t\t<div class=\"taxonomy-text-wrap d-flex flex-column justify-content-end align-items-start h-100 w-100\">\r\n\t\t\t\t\t\t\t\t\t\t\t<div class=\"taxonomy-title\">Benalmadena<\/div>\r\n\t\t\t\t\t\t\t\t\t\t\t\t\t\t\t\t\t\t\t\t\t\t\t<div class=\"taxonomy-subtitle\">\r\n\t\t\t\t\t\t\t\t\t\t\t\t\t7\t\t\t\t\t\t\t\t\t\t\t\t\tProperties\t\t\t\t\t\t\t\t\t\t\t\t<\/div>\r\n\t\t\t\t\t\t\t\t\t\t\t\t\t\t\t\t\t\t\t\t\t<\/div><!-- taxonomy-text-wrap -->\r\n\t\t\t\t\t\t\t\t\t<\/a>\r\n\t\t\t\t\t\t\t\t<\/div>\r\n\t\t\t\t\t\t\t<\/div>\r\n\t\t\t\t\t\t<\/div>\r\n\t\t\t\t\t\t\t\t\t\t\t\t<div class=\"taxonomy-item-square\">\r\n\t\t\t\t\t\t\t<div class=\"taxonomy-item-wrap h-100\">\t\r\n\t\t\t\t\t\t\t\t<div class=\"taxonomy-item houzez-lazy-bg houzez-lazyload\" style=\"background-image: url(https:\/\/www.olivoestates.com\/wp-content\/uploads\/2025\/11\/costa-del-sol-3-scaled.jpg);\">\r\n\t\t\t\t\t\t\t\t\t<a class=\"taxonomy-link hover-effect-flat\" href=\"https:\/\/www.olivoestates.com\/lt\/city\/casares\/\">\r\n\t\t\t\t\t\t\t\t\t\t<div class=\"taxonomy-text-wrap d-flex flex-column justify-content-end align-items-start h-100 w-100\">\r\n\t\t\t\t\t\t\t\t\t\t\t<div class=\"taxonomy-title\">Casares<\/div>\r\n\t\t\t\t\t\t\t\t\t\t\t\t\t\t\t\t\t\t\t\t\t\t\t<div class=\"taxonomy-subtitle\">\r\n\t\t\t\t\t\t\t\t\t\t\t\t\t72\t\t\t\t\t\t\t\t\t\t\t\t\tProperties\t\t\t\t\t\t\t\t\t\t\t\t<\/div>\r\n\t\t\t\t\t\t\t\t\t\t\t\t\t\t\t\t\t\t\t\t\t<\/div><!-- taxonomy-text-wrap -->\r\n\t\t\t\t\t\t\t\t\t<\/a>\r\n\t\t\t\t\t\t\t\t<\/div>\r\n\t\t\t\t\t\t\t<\/div>\r\n\t\t\t\t\t\t<\/div>\r\n\t\t\t\t\t\t\t\t\t\t\t\t<div class=\"taxonomy-item-square\">\r\n\t\t\t\t\t\t\t<div class=\"taxonomy-item-wrap h-100\">\t\r\n\t\t\t\t\t\t\t\t<div class=\"taxonomy-item houzez-lazy-bg houzez-lazyload\" style=\"background-image: url();\">\r\n\t\t\t\t\t\t\t\t\t<a class=\"taxonomy-link hover-effect-flat\" href=\"https:\/\/www.olivoestates.com\/lt\/city\/casares\/\">\r\n\t\t\t\t\t\t\t\t\t\t<div class=\"taxonomy-text-wrap d-flex flex-column justify-content-end align-items-start h-100 w-100\">\r\n\t\t\t\t\t\t\t\t\t\t\t<div class=\"taxonomy-title\">Casares<\/div>\r\n\t\t\t\t\t\t\t\t\t\t\t\t\t\t\t\t\t\t\t\t\t\t\t<div class=\"taxonomy-subtitle\">\r\n\t\t\t\t\t\t\t\t\t\t\t\t\t5\t\t\t\t\t\t\t\t\t\t\t\t\tProperties\t\t\t\t\t\t\t\t\t\t\t\t<\/div>\r\n\t\t\t\t\t\t\t\t\t\t\t\t\t\t\t\t\t\t\t\t\t<\/div><!-- taxonomy-text-wrap -->\r\n\t\t\t\t\t\t\t\t\t<\/a>\r\n\t\t\t\t\t\t\t\t<\/div>\r\n\t\t\t\t\t\t\t<\/div>\r\n\t\t\t\t\t\t<\/div>\r\n\t\t\t\t\t\t\t\t\t\t\t\t<div class=\"taxonomy-item-square\">\r\n\t\t\t\t\t\t\t<div class=\"taxonomy-item-wrap h-100\">\t\r\n\t\t\t\t\t\t\t\t<div class=\"taxonomy-item houzez-lazy-bg houzez-lazyload\" style=\"background-image: url(https:\/\/www.olivoestates.com\/wp-content\/uploads\/2025\/11\/blog-estepona.jpg);\">\r\n\t\t\t\t\t\t\t\t\t<a class=\"taxonomy-link hover-effect-flat\" href=\"https:\/\/www.olivoestates.com\/lt\/city\/estepona\/\">\r\n\t\t\t\t\t\t\t\t\t\t<div class=\"taxonomy-text-wrap d-flex flex-column justify-content-end align-items-start h-100 w-100\">\r\n\t\t\t\t\t\t\t\t\t\t\t<div class=\"taxonomy-title\">Estepona<\/div>\r\n\t\t\t\t\t\t\t\t\t\t\t\t\t\t\t\t\t\t\t\t\t\t\t<div class=\"taxonomy-subtitle\">\r\n\t\t\t\t\t\t\t\t\t\t\t\t\t480\t\t\t\t\t\t\t\t\t\t\t\t\tProperties\t\t\t\t\t\t\t\t\t\t\t\t<\/div>\r\n\t\t\t\t\t\t\t\t\t\t\t\t\t\t\t\t\t\t\t\t\t<\/div><!-- taxonomy-text-wrap -->\r\n\t\t\t\t\t\t\t\t\t<\/a>\r\n\t\t\t\t\t\t\t\t<\/div>\r\n\t\t\t\t\t\t\t<\/div>\r\n\t\t\t\t\t\t<\/div>\r\n\t\t\t\t\t\t\t\t\t\t\t\t<div class=\"taxonomy-item-square\">\r\n\t\t\t\t\t\t\t<div class=\"taxonomy-item-wrap h-100\">\t\r\n\t\t\t\t\t\t\t\t<div class=\"taxonomy-item houzez-lazy-bg houzez-lazyload\" style=\"background-image: url();\">\r\n\t\t\t\t\t\t\t\t\t<a class=\"taxonomy-link hover-effect-flat\" href=\"https:\/\/www.olivoestates.com\/lt\/city\/estepona\/\">\r\n\t\t\t\t\t\t\t\t\t\t<div class=\"taxonomy-text-wrap d-flex flex-column justify-content-end align-items-start h-100 w-100\">\r\n\t\t\t\t\t\t\t\t\t\t\t<div class=\"taxonomy-title\">Estepona<\/div>\r\n\t\t\t\t\t\t\t\t\t\t\t\t\t\t\t\t\t\t\t\t\t\t\t<div class=\"taxonomy-subtitle\">\r\n\t\t\t\t\t\t\t\t\t\t\t\t\t30\t\t\t\t\t\t\t\t\t\t\t\t\tProperties\t\t\t\t\t\t\t\t\t\t\t\t<\/div>\r\n\t\t\t\t\t\t\t\t\t\t\t\t\t\t\t\t\t\t\t\t\t<\/div><!-- taxonomy-text-wrap -->\r\n\t\t\t\t\t\t\t\t\t<\/a>\r\n\t\t\t\t\t\t\t\t<\/div>\r\n\t\t\t\t\t\t\t<\/div>\r\n\t\t\t\t\t\t<\/div>\r\n\t\t\t\t\t\t\t\t\t\t\t\t<div class=\"taxonomy-item-square\">\r\n\t\t\t\t\t\t\t<div class=\"taxonomy-item-wrap h-100\">\t\r\n\t\t\t\t\t\t\t\t<div class=\"taxonomy-item houzez-lazy-bg houzez-lazyload\" style=\"background-image: url(https:\/\/www.olivoestates.com\/wp-content\/uploads\/2025\/11\/adobestock-604030708-1500x956-1.jpeg);\">\r\n\t\t\t\t\t\t\t\t\t<a class=\"taxonomy-link hover-effect-flat\" href=\"https:\/\/www.olivoestates.com\/lt\/city\/marbella\/\">\r\n\t\t\t\t\t\t\t\t\t\t<div class=\"taxonomy-text-wrap d-flex flex-column justify-content-end align-items-start h-100 w-100\">\r\n\t\t\t\t\t\t\t\t\t\t\t<div class=\"taxonomy-title\">Marbella<\/div>\r\n\t\t\t\t\t\t\t\t\t\t\t\t\t\t\t\t\t\t\t\t\t\t\t<div class=\"taxonomy-subtitle\">\r\n\t\t\t\t\t\t\t\t\t\t\t\t\t830\t\t\t\t\t\t\t\t\t\t\t\t\tProperties\t\t\t\t\t\t\t\t\t\t\t\t<\/div>\r\n\t\t\t\t\t\t\t\t\t\t\t\t\t\t\t\t\t\t\t\t\t<\/div><!-- taxonomy-text-wrap -->\r\n\t\t\t\t\t\t\t\t\t<\/a>\r\n\t\t\t\t\t\t\t\t<\/div>\r\n\t\t\t\t\t\t\t<\/div>\r\n\t\t\t\t\t\t<\/div>\r\n\t\t\t\t\t\t\t\t\t\t\t\t<div class=\"taxonomy-item-square\">\r\n\t\t\t\t\t\t\t<div class=\"taxonomy-item-wrap h-100\">\t\r\n\t\t\t\t\t\t\t\t<div class=\"taxonomy-item houzez-lazy-bg houzez-lazyload\" style=\"background-image: url();\">\r\n\t\t\t\t\t\t\t\t\t<a class=\"taxonomy-link hover-effect-flat\" href=\"https:\/\/www.olivoestates.com\/lt\/city\/marbella\/\">\r\n\t\t\t\t\t\t\t\t\t\t<div class=\"taxonomy-text-wrap d-flex flex-column justify-content-end align-items-start h-100 w-100\">\r\n\t\t\t\t\t\t\t\t\t\t\t<div class=\"taxonomy-title\">Marbella<\/div>\r\n\t\t\t\t\t\t\t\t\t\t\t\t\t\t\t\t\t\t\t\t\t\t\t<div class=\"taxonomy-subtitle\">\r\n\t\t\t\t\t\t\t\t\t\t\t\t\t57\t\t\t\t\t\t\t\t\t\t\t\t\tProperties\t\t\t\t\t\t\t\t\t\t\t\t<\/div>\r\n\t\t\t\t\t\t\t\t\t\t\t\t\t\t\t\t\t\t\t\t\t<\/div><!-- taxonomy-text-wrap -->\r\n\t\t\t\t\t\t\t\t\t<\/a>\r\n\t\t\t\t\t\t\t\t<\/div>\r\n\t\t\t\t\t\t\t<\/div>\r\n\t\t\t\t\t\t<\/div>\r\n\t\t\t\t\t\t\t\t\t\t\t\t<div class=\"taxonomy-item-square\">\r\n\t\t\t\t\t\t\t<div class=\"taxonomy-item-wrap h-100\">\t\r\n\t\t\t\t\t\t\t\t<div class=\"taxonomy-item houzez-lazy-bg houzez-lazyload\" style=\"background-image: url();\">\r\n\t\t\t\t\t\t\t\t\t<a class=\"taxonomy-link hover-effect-flat\" href=\"https:\/\/www.olivoestates.com\/lt\/city\/sotogrande\/\">\r\n\t\t\t\t\t\t\t\t\t\t<div class=\"taxonomy-text-wrap d-flex flex-column justify-content-end align-items-start h-100 w-100\">\r\n\t\t\t\t\t\t\t\t\t\t\t<div class=\"taxonomy-title\">Sotogrande<\/div>\r\n\t\t\t\t\t\t\t\t\t\t\t\t\t\t\t\t\t\t\t\t\t\t\t<div class=\"taxonomy-subtitle\">\r\n\t\t\t\t\t\t\t\t\t\t\t\t\t1\t\t\t\t\t\t\t\t\t\t\t\t\tProperty\t\t\t\t\t\t\t\t\t\t\t\t<\/div>\r\n\t\t\t\t\t\t\t\t\t\t\t\t\t\t\t\t\t\t\t\t\t<\/div><!-- taxonomy-text-wrap -->\r\n\t\t\t\t\t\t\t\t\t<\/a>\r\n\t\t\t\t\t\t\t\t<\/div>\r\n\t\t\t\t\t\t\t<\/div>\r\n\t\t\t\t\t\t<\/div>\r\n\t\t\t\t\t\t\t\t\t\t\t\t<div class=\"taxonomy-item-square\">\r\n\t\t\t\t\t\t\t<div class=\"taxonomy-item-wrap h-100\">\t\r\n\t\t\t\t\t\t\t\t<div class=\"taxonomy-item houzez-lazy-bg houzez-lazyload\" style=\"background-image: url(https:\/\/www.olivoestates.com\/wp-content\/uploads\/2025\/11\/Sotogrande-que-ver.jpg);\">\r\n\t\t\t\t\t\t\t\t\t<a class=\"taxonomy-link hover-effect-flat\" href=\"https:\/\/www.olivoestates.com\/lt\/city\/sotogrande\/\">\r\n\t\t\t\t\t\t\t\t\t\t<div class=\"taxonomy-text-wrap d-flex flex-column justify-content-end align-items-start h-100 w-100\">\r\n\t\t\t\t\t\t\t\t\t\t\t<div class=\"taxonomy-title\">Sotogrande<\/div>\r\n\t\t\t\t\t\t\t\t\t\t\t\t\t\t\t\t\t\t\t\t\t\t\t<div class=\"taxonomy-subtitle\">\r\n\t\t\t\t\t\t\t\t\t\t\t\t\t22\t\t\t\t\t\t\t\t\t\t\t\t\tProperties\t\t\t\t\t\t\t\t\t\t\t\t<\/div>\r\n\t\t\t\t\t\t\t\t\t\t\t\t\t\t\t\t\t\t\t\t\t<\/div><!-- taxonomy-text-wrap -->\r\n\t\t\t\t\t\t\t\t\t<\/a>\r\n\t\t\t\t\t\t\t\t<\/div>\r\n\t\t\t\t\t\t\t<\/div>\r\n\t\t\t\t\t\t<\/div>\r\n\t\t\t\t\t\t\t\t\t<\/div>\r\n\t\t<\/div>\r\n\t\t\t\t\t\t<\/div>\n\t\t\t\t<\/div>\n\t\t\t\t<div class=\"elementor-element elementor-element-1ff4e397 elementor-widget elementor-widget-spacer\" data-id=\"1ff4e397\" data-element_type=\"widget\" data-widget_type=\"spacer.default\">\n\t\t\t\t\t\t\t<div class=\"elementor-spacer\">\n\t\t\t<div class=\"elementor-spacer-inner\"><\/div>\n\t\t<\/div>\n\t\t\t\t\t\t<\/div>\n\t\t\t\t\t<\/div>\n\t\t<\/div>\n\t\t\t\t\t<\/div>\n\t\t<\/section>\n\t\t\t\t\t<\/div>\n\t\t<\/div>\n\t\t\t\t\t<\/div>\n\t\t<\/section>\n\t\t\t\t<\/div>\n\t\t","protected":false},"excerpt":{"rendered":"<p>Pa\u017einkite Costa del Sol vietoves Atraskite paklausiausias Costa del Sol vietas \u2013 nuo gyvybingos Marbella iki ramios Sotogrande. Raskite b\u016bst\u0105 vietov\u0117je, kuri geriausiai atitinka j\u016bs\u0173 gyvenimo b\u016bd\u0105.<\/p>\n","protected":false},"author":1,"featured_media":0,"parent":0,"menu_order":0,"comment_status":"closed","ping_status":"closed","template":"template\/template-homepage.php","meta":{"_monsterinsights_skip_tracking":false,"_monsterinsights_sitenote_active":false,"_monsterinsights_sitenote_note":"","_monsterinsights_sitenote_category":0,"footnotes":""},"class_list":["post-49221","page","type-page","status-publish","hentry"],"_hostinger_reach_plugin_has_subscription_block":false,"_hostinger_reach_plugin_is_elementor":false,"_links":{"self":[{"href":"https:\/\/www.olivoestates.com\/lt\/wp-json\/wp\/v2\/pages\/49221","targetHints":{"allow":["GET"]}}],"collection":[{"href":"https:\/\/www.olivoestates.com\/lt\/wp-json\/wp\/v2\/pages"}],"about":[{"href":"https:\/\/www.olivoestates.com\/lt\/wp-json\/wp\/v2\/types\/page"}],"author":[{"embeddable":true,"href":"https:\/\/www.olivoestates.com\/lt\/wp-json\/wp\/v2\/users\/1"}],"replies":[{"embeddable":true,"href":"https:\/\/www.olivoestates.com\/lt\/wp-json\/wp\/v2\/comments?post=49221"}],"version-history":[{"count":0,"href":"https:\/\/www.olivoestates.com\/lt\/wp-json\/wp\/v2\/pages\/49221\/revisions"}],"wp:attachment":[{"href":"https:\/\/www.olivoestates.com\/lt\/wp-json\/wp\/v2\/media?parent=49221"}],"curies":[{"name":"wp","href":"https:\/\/api.w.org\/{rel}","templated":true}]}}